{"id":1264,"date":"2023-01-26T12:03:09","date_gmt":"2023-01-26T12:03:09","guid":{"rendered":"https:\/\/dym.pt\/fr\/?page_id=1264"},"modified":"2024-05-26T00:05:02","modified_gmt":"2024-05-25T22:05:02","slug":"budget","status":"publish","type":"page","link":"https:\/\/dym.pt\/fr\/budget\/","title":{"rendered":"Budget"},"content":{"rendered":"\t\t<div data-elementor-type=\"wp-page\" data-elementor-id=\"1264\" class=\"elementor elementor-1264\" data-elementor-post-type=\"page\">\n\t\t\t\t\t\t<section class=\"elementor-section elementor-top-section elementor-element elementor-element-145495c elementor-section-boxed elementor-section-height-default elementor-section-height-default\" data-id=\"145495c\" data-element_type=\"section\">\n\t\t\t\t\t\t<div class=\"elementor-container elementor-column-gap-default\">\n\t\t\t\t\t<div class=\"elementor-column elementor-col-100 elementor-top-column elementor-element elementor-element-f5bee05\" data-id=\"f5bee05\" data-element_type=\"column\">\n\t\t\t<div class=\"elementor-widget-wrap elementor-element-populated\">\n\t\t\t\t\t\t<div class=\"elementor-element elementor-element-450c9a8 elementor-widget elementor-widget-spacer\" data-id=\"450c9a8\" data-element_type=\"widget\" data-widget_type=\"spacer.default\">\n\t\t\t\t<div class=\"elementor-widget-container\">\n\t\t\t\t\t\t\t<div class=\"elementor-spacer\">\n\t\t\t<div class=\"elementor-spacer-inner\"><\/div>\n\t\t<\/div>\n\t\t\t\t\t\t<\/div>\n\t\t\t\t<\/div>\n\t\t\t\t\t<\/div>\n\t\t<\/div>\n\t\t\t\t\t<\/div>\n\t\t<\/section>\n\t\t\t\t<section class=\"elementor-section elementor-top-section elementor-element elementor-element-e29d4e9 elementor-section-boxed elementor-section-height-default elementor-section-height-default\" data-id=\"e29d4e9\" data-element_type=\"section\">\n\t\t\t\t\t\t<div class=\"elementor-container elementor-column-gap-default\">\n\t\t\t\t\t<div class=\"elementor-column elementor-col-100 elementor-top-column elementor-element elementor-element-00eabd4\" data-id=\"00eabd4\" data-element_type=\"column\">\n\t\t\t<div class=\"elementor-widget-wrap elementor-element-populated\">\n\t\t\t\t\t\t<div class=\"elementor-element elementor-element-706d9a9 elementor-widget elementor-widget-heading\" data-id=\"706d9a9\" data-element_type=\"widget\" data-widget_type=\"heading.default\">\n\t\t\t\t<div class=\"elementor-widget-container\">\n\t\t\t\t\t<h2 class=\"elementor-heading-title elementor-size-default\">Demander un budget\n<\/h2>\t\t\t\t<\/div>\n\t\t\t\t<\/div>\n\t\t\t\t<div class=\"elementor-element elementor-element-0fb3f3c elementor-widget elementor-widget-spacer\" data-id=\"0fb3f3c\" data-element_type=\"widget\" data-widget_type=\"spacer.default\">\n\t\t\t\t<div class=\"elementor-widget-container\">\n\t\t\t\t\t\t\t<div class=\"elementor-spacer\">\n\t\t\t<div class=\"elementor-spacer-inner\"><\/div>\n\t\t<\/div>\n\t\t\t\t\t\t<\/div>\n\t\t\t\t<\/div>\n\t\t\t\t<div class=\"elementor-element elementor-element-f740000 elementor-widget elementor-widget-text-editor\" data-id=\"f740000\" data-element_type=\"widget\" data-widget_type=\"text-editor.default\">\n\t\t\t\t<div class=\"elementor-widget-container\">\n\t\t\t\t\t\t\t\t\t<p>Pour ceux qui recherchent un budget plus personnalisable, nous proposons du Mobilier et de la Menuiserie.<\/p>\n<p>Ce budget comprend tous les frais li\u00e9s \u00e0 la cr\u00e9ation de mobilier, y compris mais sans s&rsquo;y limiter, la menuiserie, le rembourrage et la construction d&rsquo;armoires.<\/p>\t\t\t\t\t\t\t\t<\/div>\n\t\t\t\t<\/div>\n\t\t\t\t<div class=\"elementor-element elementor-element-f299b2d elementor-widget elementor-widget-spacer\" data-id=\"f299b2d\" data-element_type=\"widget\" data-widget_type=\"spacer.default\">\n\t\t\t\t<div class=\"elementor-widget-container\">\n\t\t\t\t\t\t\t<div class=\"elementor-spacer\">\n\t\t\t<div class=\"elementor-spacer-inner\"><\/div>\n\t\t<\/div>\n\t\t\t\t\t\t<\/div>\n\t\t\t\t<\/div>\n\t\t\t\t<div class=\"elementor-element elementor-element-60a6ef1 elementor-widget__width-inherit elementor-widget elementor-widget-ld_cf722\" data-id=\"60a6ef1\" data-element_type=\"widget\" data-widget_type=\"ld_cf722.default\">\n\t\t\t\t<div class=\"elementor-widget-container\">\n\t\t\t\t\t\n\t<div class=\"lqd-contact-form lqd-contact-form-button-block lqd-contact-form-button-filled lqd-contact-form-button-md\" >\n\t\t\n<div class=\"wpcf7 no-js\" id=\"wpcf7-f4054-o1\" lang=\"en-US\" dir=\"ltr\" data-wpcf7-id=\"4054\">\n<div class=\"screen-reader-response\"><p role=\"status\" aria-live=\"polite\" aria-atomic=\"true\"><\/p> <ul><\/ul><\/div>\n<form action=\"\/fr\/wp-json\/wp\/v2\/pages\/1264#wpcf7-f4054-o1\" method=\"post\" class=\"wpcf7-form init\" aria-label=\"Contact form\" enctype=\"multipart\/form-data\" novalidate=\"novalidate\" data-status=\"init\">\n<div style=\"display: none;\">\n<input type=\"hidden\" name=\"_wpcf7\" value=\"4054\" \/>\n<input type=\"hidden\" name=\"_wpcf7_version\" value=\"6.0.3\" \/>\n<input type=\"hidden\" name=\"_wpcf7_locale\" value=\"en_US\" \/>\n<input type=\"hidden\" name=\"_wpcf7_unit_tag\" value=\"wpcf7-f4054-o1\" \/>\n<input type=\"hidden\" name=\"_wpcf7_container_post\" value=\"0\" \/>\n<input type=\"hidden\" name=\"_wpcf7_posted_data_hash\" value=\"\" \/>\n<input type=\"hidden\" name=\"_wpcf7_recaptcha_response\" value=\"\" \/>\n<\/div>\n<div class=\"row\">\n\t<div class=\"col-md-6\">\n\t\t<p><span class=\"wpcf7-form-control-wrap\" data-name=\"your-name\"><input size=\"40\" maxlength=\"400\" class=\"wpcf7-form-control wpcf7-text wpcf7-validates-as-required\" aria-required=\"true\" aria-invalid=\"false\" placeholder=\"Nom\" value=\"\" type=\"text\" name=\"your-name\" \/><\/span>\n\t\t<\/p>\n\t<\/div>\n\t<div class=\"col-md-6\">\n\t\t<p><span class=\"wpcf7-form-control-wrap\" data-name=\"your-email\"><input size=\"40\" maxlength=\"400\" class=\"wpcf7-form-control wpcf7-email wpcf7-validates-as-required wpcf7-text wpcf7-validates-as-email\" aria-required=\"true\" aria-invalid=\"false\" placeholder=\"E-mail\" value=\"\" type=\"email\" name=\"your-email\" \/><\/span>\n\t\t<\/p>\n\t<\/div>\n\t<div class=\"col-md-6\">\n\t\t<p><span class=\"wpcf7-form-control-wrap\" data-name=\"your-phone\"><input size=\"40\" maxlength=\"400\" class=\"wpcf7-form-control wpcf7-tel wpcf7-validates-as-required wpcf7-text wpcf7-validates-as-tel\" aria-required=\"true\" aria-invalid=\"false\" placeholder=\"T\u00e9l\u00e9phone\" value=\"\" type=\"tel\" name=\"your-phone\" \/><\/span>\n\t\t<\/p>\n\t<\/div>\n\t<div class=\"col-md-12\">\n\t\t<p><span class=\"wpcf7-form-control-wrap\" data-name=\"your-subject2\"><select class=\"wpcf7-form-control wpcf7-select wpcf7-validates-as-required\" aria-required=\"true\" aria-invalid=\"false\" name=\"your-subject2\"><option value=\"S\u00e9lectionner un produit\">S\u00e9lectionner un produit<\/option><option value=\"Cuisines\">Cuisines<\/option><option value=\"Penderies\">Penderies<\/option><option value=\"Meubles\">Meubles<\/option><option value=\"Autre\">Autre<\/option><\/select><\/span>\n\t\t<\/p>\n\t<\/div>\n\t<div class=\"col-md-12\">\n\t\t<p><span class=\"wpcf7-form-control-wrap\" data-name=\"your-message\"><textarea cols=\"10\" rows=\"4\" maxlength=\"2000\" class=\"wpcf7-form-control wpcf7-textarea wpcf7-validates-as-required\" aria-required=\"true\" aria-invalid=\"false\" placeholder=\"Budget\" name=\"your-message\"><\/textarea><\/span>\n\t\t<\/p>\n\t<\/div>\n\t<div class=\"col-md-12\">\n\t\t<p>Attached photos<br \/>\n<span class=\"wpcf7-form-control-wrap\" data-name=\"fotos1\"><input size=\"40\" class=\"wpcf7-form-control wpcf7-file\" accept=\"audio\/*,video\/*,image\/*\" aria-invalid=\"false\" type=\"file\" name=\"fotos1\" \/><\/span><br \/>\n<span class=\"wpcf7-form-control-wrap\" data-name=\"fotos2\"><input size=\"40\" class=\"wpcf7-form-control wpcf7-file\" accept=\"audio\/*,video\/*,image\/*\" aria-invalid=\"false\" type=\"file\" name=\"fotos2\" \/><\/span><br \/>\n<span class=\"wpcf7-form-control-wrap\" data-name=\"fotos3\"><input size=\"40\" class=\"wpcf7-form-control wpcf7-file\" accept=\"audio\/*,video\/*,image\/*\" aria-invalid=\"false\" type=\"file\" name=\"fotos3\" \/><\/span><br \/>\n<span class=\"wpcf7-form-control-wrap\" data-name=\"fotos4\"><input size=\"40\" class=\"wpcf7-form-control wpcf7-file\" accept=\"audio\/*,video\/*,image\/*\" aria-invalid=\"false\" type=\"file\" name=\"fotos4\" \/><\/span>\n\t\t<\/p>\n\t<\/div>\n\t<div class=\"col-md-12\">\n\t\t<p><span class=\"wpcf7-form-control-wrap\" data-name=\"acceptance-120\"><span class=\"wpcf7-form-control wpcf7-acceptance optional\"><span class=\"wpcf7-list-item\"><label><input type=\"checkbox\" name=\"acceptance-120\" value=\"1\" aria-invalid=\"false\" \/><span class=\"wpcf7-list-item-label\">J'ai lu et accept\u00e9 la politique de confidentialit\u00e9 et les conditions d'utilisation*<\/span><\/label><\/span><\/span><\/span>\n\t\t<\/p>\n\t<\/div>\n\t<div class=\"col-md-12\">\n\t\t<p><input class=\"wpcf7-form-control wpcf7-submit has-spinner\" type=\"submit\" value=\"Envoyer\" \/>\n\t\t<\/p>\n\t<\/div>\n<\/div><div class=\"wpcf7-response-output\" aria-hidden=\"true\"><\/div>\n<\/form>\n<\/div>\n\t<\/div>\n\n\t\t\t\t\t<\/div>\n\t\t\t\t<\/div>\n\t\t\t\t<div class=\"elementor-element elementor-element-9e8bef9 elementor-widget elementor-widget-spacer\" data-id=\"9e8bef9\" data-element_type=\"widget\" data-widget_type=\"spacer.default\">\n\t\t\t\t<div class=\"elementor-widget-container\">\n\t\t\t\t\t\t\t<div class=\"elementor-spacer\">\n\t\t\t<div class=\"elementor-spacer-inner\"><\/div>\n\t\t<\/div>\n\t\t\t\t\t\t<\/div>\n\t\t\t\t<\/div>\n\t\t\t\t\t<\/div>\n\t\t<\/div>\n\t\t\t\t\t<\/div>\n\t\t<\/section>\n\t\t\t\t<\/div>\n\t\t","protected":false},"excerpt":{"rendered":"<p>Demander un budget Pour ceux qui recherchent un budget plus personnalisable, nous proposons du Mobilier et de la Menuiserie. Ce budget comprend tous les frais li\u00e9s \u00e0 la cr\u00e9ation de mobilier, y compris mais sans s&rsquo;y limiter, la menuiserie, le rembourrage et la construction d&rsquo;armoires. Select ProductKitchensWardrobesFurnitureOther Attached photos I have read and accept the [&hellip;]<\/p>\n","protected":false},"author":1,"featured_media":4634,"parent":0,"menu_order":0,"comment_status":"closed","ping_status":"closed","template":"","meta":{"footnotes":""},"class_list":["post-1264","page","type-page","status-publish","has-post-thumbnail","hentry"],"yoast_head":"<!-- This site is optimized with the Yoast SEO Premium plugin v18.1 (Yoast SEO v24.4) - https:\/\/yoast.com\/wordpress\/plugins\/seo\/ -->\n<title>Budget - DYM FRANCE<\/title>\n<meta name=\"description\" content=\"Bienvenue sur notre page de devis de meubles ! Ici, vous trouverez une grande vari\u00e9t\u00e9 d&#039;options de mobilier pour votre maison.\" \/>\n<meta name=\"robots\" content=\"index, follow, max-snippet:-1, max-image-preview:large, max-video-preview:-1\" \/>\n<link rel=\"canonical\" href=\"https:\/\/dym.pt\/fr\/budget\/\" \/>\n<meta property=\"og:locale\" content=\"fr_FR\" \/>\n<meta property=\"og:type\" content=\"article\" \/>\n<meta property=\"og:title\" content=\"Budget\" \/>\n<meta property=\"og:description\" content=\"Bienvenue sur notre page de devis de meubles ! Ici, vous trouverez une grande vari\u00e9t\u00e9 d&#039;options de mobilier pour votre maison.\" \/>\n<meta property=\"og:url\" content=\"https:\/\/dym.pt\/fr\/budget\/\" \/>\n<meta property=\"og:site_name\" content=\"DYM FRANCE\" \/>\n<meta property=\"article:modified_time\" content=\"2024-05-25T22:05:02+00:00\" \/>\n<meta property=\"og:image\" content=\"https:\/\/dym.pt\/fr\/wp-content\/uploads\/2024\/04\/os-beneficios-do-mobiliario-por-medida.png\" \/>\n\t<meta property=\"og:image:width\" content=\"500\" \/>\n\t<meta property=\"og:image:height\" content=\"500\" \/>\n\t<meta property=\"og:image:type\" content=\"image\/png\" \/>\n<meta name=\"twitter:card\" content=\"summary_large_image\" \/>\n<meta name=\"twitter:label1\" content=\"Dur\u00e9e de lecture estim\u00e9e\" \/>\n\t<meta name=\"twitter:data1\" content=\"1 minute\" \/>\n<script type=\"application\/ld+json\" class=\"yoast-schema-graph\">{\"@context\":\"https:\/\/schema.org\",\"@graph\":[{\"@type\":\"WebPage\",\"@id\":\"https:\/\/dym.pt\/fr\/budget\/\",\"url\":\"https:\/\/dym.pt\/fr\/budget\/\",\"name\":\"Budget - DYM FRANCE\",\"isPartOf\":{\"@id\":\"https:\/\/dym.pt\/fr\/#website\"},\"primaryImageOfPage\":{\"@id\":\"https:\/\/dym.pt\/fr\/budget\/#primaryimage\"},\"image\":{\"@id\":\"https:\/\/dym.pt\/fr\/budget\/#primaryimage\"},\"thumbnailUrl\":\"https:\/\/dym.pt\/fr\/wp-content\/uploads\/2024\/04\/os-beneficios-do-mobiliario-por-medida.png\",\"datePublished\":\"2023-01-26T12:03:09+00:00\",\"dateModified\":\"2024-05-25T22:05:02+00:00\",\"description\":\"Bienvenue sur notre page de devis de meubles ! Ici, vous trouverez une grande vari\u00e9t\u00e9 d'options de mobilier pour votre maison.\",\"breadcrumb\":{\"@id\":\"https:\/\/dym.pt\/fr\/budget\/#breadcrumb\"},\"inLanguage\":\"fr-FR\",\"potentialAction\":[{\"@type\":\"ReadAction\",\"target\":[\"https:\/\/dym.pt\/fr\/budget\/\"]}]},{\"@type\":\"ImageObject\",\"inLanguage\":\"fr-FR\",\"@id\":\"https:\/\/dym.pt\/fr\/budget\/#primaryimage\",\"url\":\"https:\/\/dym.pt\/fr\/wp-content\/uploads\/2024\/04\/os-beneficios-do-mobiliario-por-medida.png\",\"contentUrl\":\"https:\/\/dym.pt\/fr\/wp-content\/uploads\/2024\/04\/os-beneficios-do-mobiliario-por-medida.png\",\"width\":500,\"height\":500,\"caption\":\"budget\"},{\"@type\":\"BreadcrumbList\",\"@id\":\"https:\/\/dym.pt\/fr\/budget\/#breadcrumb\",\"itemListElement\":[{\"@type\":\"ListItem\",\"position\":1,\"name\":\"In\u00edcio\",\"item\":\"https:\/\/dym.pt\/fr\/\"},{\"@type\":\"ListItem\",\"position\":2,\"name\":\"Budget\"}]},{\"@type\":\"WebSite\",\"@id\":\"https:\/\/dym.pt\/fr\/#website\",\"url\":\"https:\/\/dym.pt\/fr\/\",\"name\":\"DYM England\",\"description\":\"Usine de meubles de menuiserie - DYM\",\"publisher\":{\"@id\":\"https:\/\/dym.pt\/fr\/#organization\"},\"potentialAction\":[{\"@type\":\"SearchAction\",\"target\":{\"@type\":\"EntryPoint\",\"urlTemplate\":\"https:\/\/dym.pt\/fr\/?s={search_term_string}\"},\"query-input\":{\"@type\":\"PropertyValueSpecification\",\"valueRequired\":true,\"valueName\":\"search_term_string\"}}],\"inLanguage\":\"fr-FR\"},{\"@type\":\"Organization\",\"@id\":\"https:\/\/dym.pt\/fr\/#organization\",\"name\":\"DYM England\",\"url\":\"https:\/\/dym.pt\/fr\/\",\"logo\":{\"@type\":\"ImageObject\",\"inLanguage\":\"fr-FR\",\"@id\":\"https:\/\/dym.pt\/fr\/#\/schema\/logo\/image\/\",\"url\":\"https:\/\/dym.pt\/fr\/wp-content\/uploads\/2023\/01\/cropped-5.png\",\"contentUrl\":\"https:\/\/dym.pt\/fr\/wp-content\/uploads\/2023\/01\/cropped-5.png\",\"width\":500,\"height\":185,\"caption\":\"DYM England\"},\"image\":{\"@id\":\"https:\/\/dym.pt\/fr\/#\/schema\/logo\/image\/\"}}]}<\/script>\n<!-- \/ Yoast SEO Premium plugin. -->","yoast_head_json":{"title":"Budget - DYM FRANCE","description":"Bienvenue sur notre page de devis de meubles ! Ici, vous trouverez une grande vari\u00e9t\u00e9 d'options de mobilier pour votre maison.","robots":{"index":"index","follow":"follow","max-snippet":"max-snippet:-1","max-image-preview":"max-image-preview:large","max-video-preview":"max-video-preview:-1"},"canonical":"https:\/\/dym.pt\/fr\/budget\/","og_locale":"fr_FR","og_type":"article","og_title":"Budget","og_description":"Bienvenue sur notre page de devis de meubles ! Ici, vous trouverez une grande vari\u00e9t\u00e9 d'options de mobilier pour votre maison.","og_url":"https:\/\/dym.pt\/fr\/budget\/","og_site_name":"DYM FRANCE","article_modified_time":"2024-05-25T22:05:02+00:00","og_image":[{"width":500,"height":500,"url":"https:\/\/dym.pt\/fr\/wp-content\/uploads\/2024\/04\/os-beneficios-do-mobiliario-por-medida.png","type":"image\/png"}],"twitter_card":"summary_large_image","twitter_misc":{"Dur\u00e9e de lecture estim\u00e9e":"1 minute"},"schema":{"@context":"https:\/\/schema.org","@graph":[{"@type":"WebPage","@id":"https:\/\/dym.pt\/fr\/budget\/","url":"https:\/\/dym.pt\/fr\/budget\/","name":"Budget - DYM FRANCE","isPartOf":{"@id":"https:\/\/dym.pt\/fr\/#website"},"primaryImageOfPage":{"@id":"https:\/\/dym.pt\/fr\/budget\/#primaryimage"},"image":{"@id":"https:\/\/dym.pt\/fr\/budget\/#primaryimage"},"thumbnailUrl":"https:\/\/dym.pt\/fr\/wp-content\/uploads\/2024\/04\/os-beneficios-do-mobiliario-por-medida.png","datePublished":"2023-01-26T12:03:09+00:00","dateModified":"2024-05-25T22:05:02+00:00","description":"Bienvenue sur notre page de devis de meubles ! Ici, vous trouverez une grande vari\u00e9t\u00e9 d'options de mobilier pour votre maison.","breadcrumb":{"@id":"https:\/\/dym.pt\/fr\/budget\/#breadcrumb"},"inLanguage":"fr-FR","potentialAction":[{"@type":"ReadAction","target":["https:\/\/dym.pt\/fr\/budget\/"]}]},{"@type":"ImageObject","inLanguage":"fr-FR","@id":"https:\/\/dym.pt\/fr\/budget\/#primaryimage","url":"https:\/\/dym.pt\/fr\/wp-content\/uploads\/2024\/04\/os-beneficios-do-mobiliario-por-medida.png","contentUrl":"https:\/\/dym.pt\/fr\/wp-content\/uploads\/2024\/04\/os-beneficios-do-mobiliario-por-medida.png","width":500,"height":500,"caption":"budget"},{"@type":"BreadcrumbList","@id":"https:\/\/dym.pt\/fr\/budget\/#breadcrumb","itemListElement":[{"@type":"ListItem","position":1,"name":"In\u00edcio","item":"https:\/\/dym.pt\/fr\/"},{"@type":"ListItem","position":2,"name":"Budget"}]},{"@type":"WebSite","@id":"https:\/\/dym.pt\/fr\/#website","url":"https:\/\/dym.pt\/fr\/","name":"DYM England","description":"Usine de meubles de menuiserie - DYM","publisher":{"@id":"https:\/\/dym.pt\/fr\/#organization"},"potentialAction":[{"@type":"SearchAction","target":{"@type":"EntryPoint","urlTemplate":"https:\/\/dym.pt\/fr\/?s={search_term_string}"},"query-input":{"@type":"PropertyValueSpecification","valueRequired":true,"valueName":"search_term_string"}}],"inLanguage":"fr-FR"},{"@type":"Organization","@id":"https:\/\/dym.pt\/fr\/#organization","name":"DYM England","url":"https:\/\/dym.pt\/fr\/","logo":{"@type":"ImageObject","inLanguage":"fr-FR","@id":"https:\/\/dym.pt\/fr\/#\/schema\/logo\/image\/","url":"https:\/\/dym.pt\/fr\/wp-content\/uploads\/2023\/01\/cropped-5.png","contentUrl":"https:\/\/dym.pt\/fr\/wp-content\/uploads\/2023\/01\/cropped-5.png","width":500,"height":185,"caption":"DYM England"},"image":{"@id":"https:\/\/dym.pt\/fr\/#\/schema\/logo\/image\/"}}]}},"_links":{"self":[{"href":"https:\/\/dym.pt\/fr\/wp-json\/wp\/v2\/pages\/1264","targetHints":{"allow":["GET"]}}],"collection":[{"href":"https:\/\/dym.pt\/fr\/wp-json\/wp\/v2\/pages"}],"about":[{"href":"https:\/\/dym.pt\/fr\/wp-json\/wp\/v2\/types\/page"}],"author":[{"embeddable":true,"href":"https:\/\/dym.pt\/fr\/wp-json\/wp\/v2\/users\/1"}],"replies":[{"embeddable":true,"href":"https:\/\/dym.pt\/fr\/wp-json\/wp\/v2\/comments?post=1264"}],"version-history":[{"count":29,"href":"https:\/\/dym.pt\/fr\/wp-json\/wp\/v2\/pages\/1264\/revisions"}],"predecessor-version":[{"id":4856,"href":"https:\/\/dym.pt\/fr\/wp-json\/wp\/v2\/pages\/1264\/revisions\/4856"}],"wp:featuredmedia":[{"embeddable":true,"href":"https:\/\/dym.pt\/fr\/wp-json\/wp\/v2\/media\/4634"}],"wp:attachment":[{"href":"https:\/\/dym.pt\/fr\/wp-json\/wp\/v2\/media?parent=1264"}],"curies":[{"name":"wp","href":"https:\/\/api.w.org\/{rel}","templated":true}]}}