{"id":487,"date":"2022-04-04T17:43:33","date_gmt":"2022-04-04T17:43:33","guid":{"rendered":"https:\/\/staging.liquid-themes.com\/arc-studio\/?page_id=487"},"modified":"2024-05-26T00:11:00","modified_gmt":"2024-05-25T22:11:00","slug":"contacts","status":"publish","type":"page","link":"https:\/\/dym.pt\/fr\/contacts\/","title":{"rendered":"Contacts"},"content":{"rendered":"\t\t<div data-elementor-type=\"wp-page\" data-elementor-id=\"487\" class=\"elementor elementor-487\" data-elementor-post-type=\"page\">\n\t\t\t\t\t\t<section class=\"elementor-section elementor-top-section elementor-element elementor-element-1b14978f elementor-section-boxed elementor-section-height-default elementor-section-height-default\" data-id=\"1b14978f\" data-element_type=\"section\">\n\t\t\t\t\t\t<div class=\"elementor-container elementor-column-gap-default\">\n\t\t\t\t\t<div class=\"elementor-column elementor-col-50 elementor-top-column elementor-element elementor-element-344aa72c\" data-id=\"344aa72c\" data-element_type=\"column\">\n\t\t\t<div class=\"elementor-widget-wrap elementor-element-populated\">\n\t\t\t\t\t\t<div class=\"elementor-element elementor-element-7950037c elementor-widget elementor-widget-hub_fancy_heading\" data-id=\"7950037c\" data-element_type=\"widget\" data-widget_type=\"hub_fancy_heading.default\">\n\t\t\t\t<div class=\"elementor-widget-container\">\n\t\t\t\t\t\n\t\t<div id=\"ld-fancy-heading-69f4432f03dbc\" class=\"ld-fancy-heading pos-rel\">\n\t\t\t<h1 class=\"ld-fh-element d-inline-block pos-rel elementor-heading-title lqd-highlight-classic lqd-highlight-grow-left h1\"  > Entrer en contact\n<\/h1>\t\t<\/div>\n\n\t\t\t\t\t\t<\/div>\n\t\t\t\t<\/div>\n\t\t\t\t<div class=\"elementor-element elementor-element-1c75adae elementor-widget elementor-widget-hub_fancy_heading\" data-id=\"1c75adae\" data-element_type=\"widget\" data-widget_type=\"hub_fancy_heading.default\">\n\t\t\t\t<div class=\"elementor-widget-container\">\n\t\t\t\t\t\n\t\t<div id=\"ld-fancy-heading-69f4432f04377\" class=\"ld-fancy-heading pos-rel\">\n\t\t\t<p class=\"ld-fh-element d-inline-block pos-rel lqd-highlight-classic lqd-highlight-grow-left p\"  > Nous sommes l\u00e0 pour r\u00e9pondre \u00e0 toutes vos questions. N'h\u00e9sitez pas \u00e0 nous contacter via le formulaire de contact.\n<\/p>\t\t<\/div>\n\n\t\t\t\t\t\t<\/div>\n\t\t\t\t<\/div>\n\t\t\t\t<div class=\"elementor-element elementor-element-79f0d51d elementor-align-left elementor-widget elementor-widget-ld_icon_box\" data-id=\"79f0d51d\" data-element_type=\"widget\" data-widget_type=\"ld_icon_box.default\">\n\t\t\t\t<div class=\"elementor-widget-container\">\n\t\t\t\t\t<br \/>\n<b>Warning<\/b>:  Undefined array key \"i_border\" in <b>\/home\/dym\/public_html\/fr\/wp-content\/plugins\/archub-elementor-addons\/elementor\/widgets\/icon-box.php<\/b> on line <b>1447<\/b><br \/>\n<br \/>\n<b>Warning<\/b>:  Undefined array key \"h_i_color\" in <b>\/home\/dym\/public_html\/fr\/wp-content\/plugins\/archub-elementor-addons\/elementor\/widgets\/icon-box.php<\/b> on line <b>1474<\/b><br \/>\n<br \/>\n<b>Warning<\/b>:  Undefined array key \"h_color\" in <b>\/home\/dym\/public_html\/fr\/wp-content\/plugins\/archub-elementor-addons\/elementor\/widgets\/icon-box.php<\/b> on line <b>1475<\/b><br \/>\n<br \/>\n<b>Warning<\/b>:  Undefined array key \"h_hcolor\" in <b>\/home\/dym\/public_html\/fr\/wp-content\/plugins\/archub-elementor-addons\/elementor\/widgets\/icon-box.php<\/b> on line <b>1476<\/b><br \/>\n<br \/>\n<b>Warning<\/b>:  Undefined array key \"svg_stroke_color\" in <b>\/home\/dym\/public_html\/fr\/wp-content\/plugins\/archub-elementor-addons\/elementor\/widgets\/icon-box.php<\/b> on line <b>1478<\/b><br \/>\n<br \/>\n<b>Warning<\/b>:  Undefined array key \"svg_fill_color\" in <b>\/home\/dym\/public_html\/fr\/wp-content\/plugins\/archub-elementor-addons\/elementor\/widgets\/icon-box.php<\/b> on line <b>1479<\/b><br \/>\n<br \/>\n<b>Warning<\/b>:  Undefined array key \"h_svg_stroke_color\" in <b>\/home\/dym\/public_html\/fr\/wp-content\/plugins\/archub-elementor-addons\/elementor\/widgets\/icon-box.php<\/b> on line <b>1480<\/b><br \/>\n<br \/>\n<b>Warning<\/b>:  Undefined array key \"h_svg_fill_color\" in <b>\/home\/dym\/public_html\/fr\/wp-content\/plugins\/archub-elementor-addons\/elementor\/widgets\/icon-box.php<\/b> on line <b>1481<\/b><br \/>\n\n\t\t\t<div id=\"ld_icon_box_79f0d51d\" class=\"iconbox d-flex flex-grow-1 pos-rel align-items-center iconbox-side\"  <br \/>\n<b>Warning<\/b>:  Undefined array key \"i_border\" in <b>\/home\/dym\/public_html\/fr\/wp-content\/plugins\/archub-elementor-addons\/elementor\/widgets\/icon-box.php<\/b> on line <b>2173<\/b><br \/>\n >\n\t\t\t\t\n\t\t\t\t\t\n\t\t\t\t\n\t\t\t\t<div class=\"iconbox-icon-wrap  \"><div class=\"iconbox-icon-container d-inline-flex   \"><i aria-hidden=\"true\" class=\"fas fa-map-marker-alt\"><\/i><\/div><\/div>\t\t\t\t\n\t\t\t\t\t\t\t\t\n\t\t\t\t<div class=\"contents \">\t\t\t\t\n\t\t\t\t\t\t\t\t\n\t\t\t\t<h3 class=\"lqd-iconbox-heading\" >Bureaux \/ Services\n <\/h3>\t\t\t\t<p class=\"lqd-iconbox-content\">Avenida Barros e Soares N\u00ba 367\n \/ 4715 -213 Nogueira Braga<\/p>\n\t\t\t\t\t\t\t\t\n\t\t\t\t<\/div>\t\t\t\t\n\t\t\t\t\n\t\t\t<\/div>\n\n\t\t\t\t\t\t<\/div>\n\t\t\t\t<\/div>\n\t\t\t\t<div class=\"elementor-element elementor-element-541e57d elementor-align-left elementor-widget elementor-widget-ld_icon_box\" data-id=\"541e57d\" data-element_type=\"widget\" data-widget_type=\"ld_icon_box.default\">\n\t\t\t\t<div class=\"elementor-widget-container\">\n\t\t\t\t\t<br \/>\n<b>Warning<\/b>:  Undefined array key \"i_border\" in <b>\/home\/dym\/public_html\/fr\/wp-content\/plugins\/archub-elementor-addons\/elementor\/widgets\/icon-box.php<\/b> on line <b>1447<\/b><br \/>\n<br \/>\n<b>Warning<\/b>:  Undefined array key \"h_i_color\" in <b>\/home\/dym\/public_html\/fr\/wp-content\/plugins\/archub-elementor-addons\/elementor\/widgets\/icon-box.php<\/b> on line <b>1474<\/b><br \/>\n<br \/>\n<b>Warning<\/b>:  Undefined array key \"h_color\" in <b>\/home\/dym\/public_html\/fr\/wp-content\/plugins\/archub-elementor-addons\/elementor\/widgets\/icon-box.php<\/b> on line <b>1475<\/b><br \/>\n<br \/>\n<b>Warning<\/b>:  Undefined array key \"h_hcolor\" in <b>\/home\/dym\/public_html\/fr\/wp-content\/plugins\/archub-elementor-addons\/elementor\/widgets\/icon-box.php<\/b> on line <b>1476<\/b><br \/>\n<br \/>\n<b>Warning<\/b>:  Undefined array key \"svg_stroke_color\" in <b>\/home\/dym\/public_html\/fr\/wp-content\/plugins\/archub-elementor-addons\/elementor\/widgets\/icon-box.php<\/b> on line <b>1478<\/b><br \/>\n<br \/>\n<b>Warning<\/b>:  Undefined array key \"svg_fill_color\" in <b>\/home\/dym\/public_html\/fr\/wp-content\/plugins\/archub-elementor-addons\/elementor\/widgets\/icon-box.php<\/b> on line <b>1479<\/b><br \/>\n<br \/>\n<b>Warning<\/b>:  Undefined array key \"h_svg_stroke_color\" in <b>\/home\/dym\/public_html\/fr\/wp-content\/plugins\/archub-elementor-addons\/elementor\/widgets\/icon-box.php<\/b> on line <b>1480<\/b><br \/>\n<br \/>\n<b>Warning<\/b>:  Undefined array key \"h_svg_fill_color\" in <b>\/home\/dym\/public_html\/fr\/wp-content\/plugins\/archub-elementor-addons\/elementor\/widgets\/icon-box.php<\/b> on line <b>1481<\/b><br \/>\n\n\t\t\t<div id=\"ld_icon_box_541e57d\" class=\"iconbox d-flex flex-grow-1 pos-rel align-items-center iconbox-side\"  <br \/>\n<b>Warning<\/b>:  Undefined array key \"i_border\" in <b>\/home\/dym\/public_html\/fr\/wp-content\/plugins\/archub-elementor-addons\/elementor\/widgets\/icon-box.php<\/b> on line <b>2173<\/b><br \/>\n >\n\t\t\t\t\n\t\t\t\t\t\n\t\t\t\t\n\t\t\t\t<div class=\"iconbox-icon-wrap  \"><div class=\"iconbox-icon-container d-inline-flex   \"><i aria-hidden=\"true\" class=\"fas fa-map-marker-alt\"><\/i><\/div><\/div>\t\t\t\t\n\t\t\t\t\t\t\t\t\n\t\t\t\t<div class=\"contents \">\t\t\t\t\n\t\t\t\t\t\t\t\t\n\t\t\t\t<h3 class=\"lqd-iconbox-heading\" >Factory\n <\/h3>\t\t\t\t<p class=\"lqd-iconbox-content\">Rua de Gai\u00e3o N\u00ba 66\n \/ 4705 - 049 Avelada Braga<\/p>\n\t\t\t\t\t\t\t\t\n\t\t\t\t<\/div>\t\t\t\t\n\t\t\t\t\n\t\t\t<\/div>\n\n\t\t\t\t\t\t<\/div>\n\t\t\t\t<\/div>\n\t\t\t\t<div class=\"elementor-element elementor-element-41cc62c8 elementor-align-left elementor-widget elementor-widget-ld_icon_box\" data-id=\"41cc62c8\" data-element_type=\"widget\" data-widget_type=\"ld_icon_box.default\">\n\t\t\t\t<div class=\"elementor-widget-container\">\n\t\t\t\t\t<br \/>\n<b>Warning<\/b>:  Undefined array key \"i_border\" in <b>\/home\/dym\/public_html\/fr\/wp-content\/plugins\/archub-elementor-addons\/elementor\/widgets\/icon-box.php<\/b> on line <b>1447<\/b><br \/>\n<br \/>\n<b>Warning<\/b>:  Undefined array key \"h_i_color\" in <b>\/home\/dym\/public_html\/fr\/wp-content\/plugins\/archub-elementor-addons\/elementor\/widgets\/icon-box.php<\/b> on line <b>1474<\/b><br \/>\n<br \/>\n<b>Warning<\/b>:  Undefined array key \"h_hcolor\" in <b>\/home\/dym\/public_html\/fr\/wp-content\/plugins\/archub-elementor-addons\/elementor\/widgets\/icon-box.php<\/b> on line <b>1476<\/b><br \/>\n<br \/>\n<b>Warning<\/b>:  Undefined array key \"svg_stroke_color\" in <b>\/home\/dym\/public_html\/fr\/wp-content\/plugins\/archub-elementor-addons\/elementor\/widgets\/icon-box.php<\/b> on line <b>1478<\/b><br \/>\n<br \/>\n<b>Warning<\/b>:  Undefined array key \"svg_fill_color\" in <b>\/home\/dym\/public_html\/fr\/wp-content\/plugins\/archub-elementor-addons\/elementor\/widgets\/icon-box.php<\/b> on line <b>1479<\/b><br \/>\n<br \/>\n<b>Warning<\/b>:  Undefined array key \"h_svg_stroke_color\" in <b>\/home\/dym\/public_html\/fr\/wp-content\/plugins\/archub-elementor-addons\/elementor\/widgets\/icon-box.php<\/b> on line <b>1480<\/b><br \/>\n<br \/>\n<b>Warning<\/b>:  Undefined array key \"h_svg_fill_color\" in <b>\/home\/dym\/public_html\/fr\/wp-content\/plugins\/archub-elementor-addons\/elementor\/widgets\/icon-box.php<\/b> on line <b>1481<\/b><br \/>\n\n\t\t\t<div id=\"ld_icon_box_41cc62c8\" class=\"iconbox d-flex flex-grow-1 pos-rel iconbox-side\"  <br \/>\n<b>Warning<\/b>:  Undefined array key \"i_border\" in <b>\/home\/dym\/public_html\/fr\/wp-content\/plugins\/archub-elementor-addons\/elementor\/widgets\/icon-box.php<\/b> on line <b>2173<\/b><br \/>\n >\n\t\t\t\t\n\t\t\t\t\t\n\t\t\t\t\n\t\t\t\t<div class=\"iconbox-icon-wrap  \"><div class=\"iconbox-icon-container d-inline-flex   \"><i aria-hidden=\"true\" class=\"fas fa-envelope\"><\/i><\/div><\/div>\t\t\t\t\n\t\t\t\t\t\t\t\t\n\t\t\t\t<div class=\"contents \">\t\t\t\t\n\t\t\t\t\t\t\t\t\n\t\t\t\t<h3 class=\"lqd-iconbox-heading\" >E-mail <\/h3>\t\t\t\t<p class=\"lqd-iconbox-content\">geral@dym.pt<\/p>\n\t\t\t\t\t\t\t\t\n\t\t\t\t<\/div>\t\t\t\t\n\t\t\t\t\n\t\t\t<\/div>\n\n\t\t\t\t\t\t<\/div>\n\t\t\t\t<\/div>\n\t\t\t\t\t<\/div>\n\t\t<\/div>\n\t\t\t\t<div class=\"elementor-column elementor-col-50 elementor-top-column elementor-element elementor-element-cb653fc\" data-id=\"cb653fc\" data-element_type=\"column\">\n\t\t\t<div class=\"elementor-widget-wrap elementor-element-populated\">\n\t\t\t\t\t\t<div class=\"elementor-element elementor-element-15e51b7f elementor-widget elementor-widget-ld_cf722\" data-id=\"15e51b7f\" data-element_type=\"widget\" data-widget_type=\"ld_cf722.default\">\n\t\t\t\t<div class=\"elementor-widget-container\">\n\t\t\t\t\t\n\t<div class=\"lqd-contact-form lqd-contact-form-inputs-filled lqd-contact-form-inputs-round lqd-contact-form-button-block\" >\n\t\t\n<div class=\"wpcf7 no-js\" id=\"wpcf7-f343-o1\" lang=\"pt-PT\" dir=\"ltr\" data-wpcf7-id=\"343\">\n<div class=\"screen-reader-response\"><p role=\"status\" aria-live=\"polite\" aria-atomic=\"true\"><\/p> <ul><\/ul><\/div>\n<form action=\"\/fr\/wp-json\/wp\/v2\/pages\/487#wpcf7-f343-o1\" method=\"post\" class=\"wpcf7-form init\" aria-label=\"Formul\u00e1rio de contacto\" enctype=\"multipart\/form-data\" novalidate=\"novalidate\" data-status=\"init\">\n<div style=\"display: none;\">\n<input type=\"hidden\" name=\"_wpcf7\" value=\"343\" \/>\n<input type=\"hidden\" name=\"_wpcf7_version\" value=\"6.0.3\" \/>\n<input type=\"hidden\" name=\"_wpcf7_locale\" value=\"pt_PT\" \/>\n<input type=\"hidden\" name=\"_wpcf7_unit_tag\" value=\"wpcf7-f343-o1\" \/>\n<input type=\"hidden\" name=\"_wpcf7_container_post\" value=\"0\" \/>\n<input type=\"hidden\" name=\"_wpcf7_posted_data_hash\" value=\"\" \/>\n<input type=\"hidden\" name=\"_wpcf7_recaptcha_response\" value=\"\" \/>\n<\/div>\n<div class=\"content-column one_half\">\n\t<div style=\"padding:\"0;\">\n\t\t<p><label> Nom:<br \/>\n<span class=\"wpcf7-form-control-wrap\" data-name=\"nome\"><input size=\"40\" maxlength=\"400\" class=\"wpcf7-form-control wpcf7-text wpcf7-validates-as-required\" aria-required=\"true\" aria-invalid=\"false\" value=\"\" type=\"text\" name=\"nome\" \/><\/span> <\/label>\n\t\t<\/p>\n\t\t<p><label> T\u00e9l\u00e9phone:<br \/>\n<span class=\"wpcf7-form-control-wrap\" data-name=\"telemovel\"><input size=\"40\" maxlength=\"400\" class=\"wpcf7-form-control wpcf7-text wpcf7-validates-as-required\" aria-required=\"true\" aria-invalid=\"false\" value=\"\" type=\"text\" name=\"telemovel\" \/><\/span> <\/label>\n\t\t<\/p>\n\t<\/div>\n\t<div class=\"content-column one_half last_column\">\n\t\t<p><label> Votre email:<br \/>\n<span class=\"wpcf7-form-control-wrap\" data-name=\"email\"><input size=\"40\" maxlength=\"400\" class=\"wpcf7-form-control wpcf7-email wpcf7-validates-as-required wpcf7-text wpcf7-validates-as-email\" aria-required=\"true\" aria-invalid=\"false\" value=\"\" type=\"email\" name=\"email\" \/><\/span> <\/label>\n\t\t<\/p>\n\t\t<p><label> Message: <span class=\"wpcf7-form-control-wrap\" data-name=\"text-177\"><input size=\"40\" maxlength=\"400\" class=\"wpcf7-form-control wpcf7-text\" aria-invalid=\"false\" value=\"\" type=\"text\" name=\"text-177\" \/><\/span> <\/label>\n\t\t<\/p>\n\t\t<p><span class=\"wpcf7-form-control-wrap\" data-name=\"fotos1\"><input size=\"40\" class=\"wpcf7-form-control wpcf7-file\" accept=\"audio\/*,video\/*,image\/*\" aria-invalid=\"false\" type=\"file\" name=\"fotos1\" \/><\/span>\n\t\t<\/p>\n\t\t<p><span class=\"wpcf7-form-control-wrap\" data-name=\"acceptance-225\"><span class=\"wpcf7-form-control wpcf7-acceptance\"><span class=\"wpcf7-list-item\"><label><input type=\"checkbox\" name=\"acceptance-225\" value=\"1\" aria-invalid=\"false\" \/><span class=\"wpcf7-list-item-label\">En remplissant ce formulaire, j'autorise Dym \u00e0 sauvegarder mes informations personnelles et \u00e0 les utiliser \u00e0 des fins commerciales et administratives.<\/span><\/label><\/span><\/span><\/span><br \/>\n<input class=\"wpcf7-form-control wpcf7-submit has-spinner btn btn-black\" type=\"submit\" value=\"Envoyer\" \/>\n\t\t<\/p>\n\t<\/div>\n<\/div><div class=\"wpcf7-response-output\" aria-hidden=\"true\"><\/div>\n<\/form>\n<\/div>\n\t<\/div>\n\n\t\t\t\t\t<\/div>\n\t\t\t\t<\/div>\n\t\t\t\t\t<\/div>\n\t\t<\/div>\n\t\t\t\t\t<\/div>\n\t\t<\/section>\n\t\t\t\t<\/div>\n\t\t","protected":false},"excerpt":{"rendered":"<p>Entrer en contact Nous sommes l\u00e0 pour r\u00e9pondre \u00e0 toutes vos questions. N&rsquo;h\u00e9sitez pas \u00e0 nous contacter via le formulaire de contact. Bureaux \/ Services Avenida Barros e Soares N\u00ba 367 \/ 4715 -213 Nogueira Braga Factory Rua de Gai\u00e3o N\u00ba 66 \/ 4705 &#8211; 049 Avelada Braga E-mail geral@dym.pt Name: Telephone: Your email: Message: [&hellip;]<\/p>\n","protected":false},"author":1,"featured_media":0,"parent":0,"menu_order":0,"comment_status":"closed","ping_status":"closed","template":"","meta":{"footnotes":""},"class_list":["post-487","page","type-page","status-publish","hentry"],"yoast_head":"<!-- This site is optimized with the Yoast SEO Premium plugin v18.1 (Yoast SEO v24.4) - https:\/\/yoast.com\/wordpress\/plugins\/seo\/ -->\n<title>Contacts - DYM FRANCE<\/title>\n<meta name=\"description\" content=\"Bienvenue sur notre page Contact DYM ! Nous sommes impatients de vous aider avec tous vos besoins en mati\u00e8re de mobilier.\" \/>\n<meta name=\"robots\" content=\"index, follow, max-snippet:-1, max-image-preview:large, max-video-preview:-1\" \/>\n<link rel=\"canonical\" href=\"https:\/\/dym.pt\/fr\/contacts\/\" \/>\n<meta property=\"og:locale\" content=\"fr_FR\" \/>\n<meta property=\"og:type\" content=\"article\" \/>\n<meta property=\"og:title\" content=\"Contacts\" \/>\n<meta property=\"og:description\" content=\"Bienvenue sur notre page Contact DYM ! Nous sommes impatients de vous aider avec tous vos besoins en mati\u00e8re de mobilier.\" \/>\n<meta property=\"og:url\" content=\"https:\/\/dym.pt\/fr\/contacts\/\" \/>\n<meta property=\"og:site_name\" content=\"DYM FRANCE\" \/>\n<meta property=\"article:modified_time\" content=\"2024-05-25T22:11:00+00:00\" \/>\n<meta name=\"twitter:card\" content=\"summary_large_image\" \/>\n<meta name=\"twitter:label1\" content=\"Dur\u00e9e de lecture estim\u00e9e\" \/>\n\t<meta name=\"twitter:data1\" content=\"1 minute\" \/>\n<script type=\"application\/ld+json\" class=\"yoast-schema-graph\">{\"@context\":\"https:\/\/schema.org\",\"@graph\":[{\"@type\":\"WebPage\",\"@id\":\"https:\/\/dym.pt\/fr\/contacts\/\",\"url\":\"https:\/\/dym.pt\/fr\/contacts\/\",\"name\":\"Contacts - DYM FRANCE\",\"isPartOf\":{\"@id\":\"https:\/\/dym.pt\/fr\/#website\"},\"datePublished\":\"2022-04-04T17:43:33+00:00\",\"dateModified\":\"2024-05-25T22:11:00+00:00\",\"description\":\"Bienvenue sur notre page Contact DYM ! Nous sommes impatients de vous aider avec tous vos besoins en mati\u00e8re de mobilier.\",\"breadcrumb\":{\"@id\":\"https:\/\/dym.pt\/fr\/contacts\/#breadcrumb\"},\"inLanguage\":\"fr-FR\",\"potentialAction\":[{\"@type\":\"ReadAction\",\"target\":[\"https:\/\/dym.pt\/fr\/contacts\/\"]}]},{\"@type\":\"BreadcrumbList\",\"@id\":\"https:\/\/dym.pt\/fr\/contacts\/#breadcrumb\",\"itemListElement\":[{\"@type\":\"ListItem\",\"position\":1,\"name\":\"In\u00edcio\",\"item\":\"https:\/\/dym.pt\/fr\/\"},{\"@type\":\"ListItem\",\"position\":2,\"name\":\"Contacts\"}]},{\"@type\":\"WebSite\",\"@id\":\"https:\/\/dym.pt\/fr\/#website\",\"url\":\"https:\/\/dym.pt\/fr\/\",\"name\":\"DYM England\",\"description\":\"Usine de meubles de menuiserie - DYM\",\"publisher\":{\"@id\":\"https:\/\/dym.pt\/fr\/#organization\"},\"potentialAction\":[{\"@type\":\"SearchAction\",\"target\":{\"@type\":\"EntryPoint\",\"urlTemplate\":\"https:\/\/dym.pt\/fr\/?s={search_term_string}\"},\"query-input\":{\"@type\":\"PropertyValueSpecification\",\"valueRequired\":true,\"valueName\":\"search_term_string\"}}],\"inLanguage\":\"fr-FR\"},{\"@type\":\"Organization\",\"@id\":\"https:\/\/dym.pt\/fr\/#organization\",\"name\":\"DYM England\",\"url\":\"https:\/\/dym.pt\/fr\/\",\"logo\":{\"@type\":\"ImageObject\",\"inLanguage\":\"fr-FR\",\"@id\":\"https:\/\/dym.pt\/fr\/#\/schema\/logo\/image\/\",\"url\":\"https:\/\/dym.pt\/fr\/wp-content\/uploads\/2023\/01\/cropped-5.png\",\"contentUrl\":\"https:\/\/dym.pt\/fr\/wp-content\/uploads\/2023\/01\/cropped-5.png\",\"width\":500,\"height\":185,\"caption\":\"DYM England\"},\"image\":{\"@id\":\"https:\/\/dym.pt\/fr\/#\/schema\/logo\/image\/\"}}]}<\/script>\n<!-- \/ Yoast SEO Premium plugin. -->","yoast_head_json":{"title":"Contacts - DYM FRANCE","description":"Bienvenue sur notre page Contact DYM ! Nous sommes impatients de vous aider avec tous vos besoins en mati\u00e8re de mobilier.","robots":{"index":"index","follow":"follow","max-snippet":"max-snippet:-1","max-image-preview":"max-image-preview:large","max-video-preview":"max-video-preview:-1"},"canonical":"https:\/\/dym.pt\/fr\/contacts\/","og_locale":"fr_FR","og_type":"article","og_title":"Contacts","og_description":"Bienvenue sur notre page Contact DYM ! Nous sommes impatients de vous aider avec tous vos besoins en mati\u00e8re de mobilier.","og_url":"https:\/\/dym.pt\/fr\/contacts\/","og_site_name":"DYM FRANCE","article_modified_time":"2024-05-25T22:11:00+00:00","twitter_card":"summary_large_image","twitter_misc":{"Dur\u00e9e de lecture estim\u00e9e":"1 minute"},"schema":{"@context":"https:\/\/schema.org","@graph":[{"@type":"WebPage","@id":"https:\/\/dym.pt\/fr\/contacts\/","url":"https:\/\/dym.pt\/fr\/contacts\/","name":"Contacts - DYM FRANCE","isPartOf":{"@id":"https:\/\/dym.pt\/fr\/#website"},"datePublished":"2022-04-04T17:43:33+00:00","dateModified":"2024-05-25T22:11:00+00:00","description":"Bienvenue sur notre page Contact DYM ! Nous sommes impatients de vous aider avec tous vos besoins en mati\u00e8re de mobilier.","breadcrumb":{"@id":"https:\/\/dym.pt\/fr\/contacts\/#breadcrumb"},"inLanguage":"fr-FR","potentialAction":[{"@type":"ReadAction","target":["https:\/\/dym.pt\/fr\/contacts\/"]}]},{"@type":"BreadcrumbList","@id":"https:\/\/dym.pt\/fr\/contacts\/#breadcrumb","itemListElement":[{"@type":"ListItem","position":1,"name":"In\u00edcio","item":"https:\/\/dym.pt\/fr\/"},{"@type":"ListItem","position":2,"name":"Contacts"}]},{"@type":"WebSite","@id":"https:\/\/dym.pt\/fr\/#website","url":"https:\/\/dym.pt\/fr\/","name":"DYM England","description":"Usine de meubles de menuiserie - DYM","publisher":{"@id":"https:\/\/dym.pt\/fr\/#organization"},"potentialAction":[{"@type":"SearchAction","target":{"@type":"EntryPoint","urlTemplate":"https:\/\/dym.pt\/fr\/?s={search_term_string}"},"query-input":{"@type":"PropertyValueSpecification","valueRequired":true,"valueName":"search_term_string"}}],"inLanguage":"fr-FR"},{"@type":"Organization","@id":"https:\/\/dym.pt\/fr\/#organization","name":"DYM England","url":"https:\/\/dym.pt\/fr\/","logo":{"@type":"ImageObject","inLanguage":"fr-FR","@id":"https:\/\/dym.pt\/fr\/#\/schema\/logo\/image\/","url":"https:\/\/dym.pt\/fr\/wp-content\/uploads\/2023\/01\/cropped-5.png","contentUrl":"https:\/\/dym.pt\/fr\/wp-content\/uploads\/2023\/01\/cropped-5.png","width":500,"height":185,"caption":"DYM England"},"image":{"@id":"https:\/\/dym.pt\/fr\/#\/schema\/logo\/image\/"}}]}},"_links":{"self":[{"href":"https:\/\/dym.pt\/fr\/wp-json\/wp\/v2\/pages\/487","targetHints":{"allow":["GET"]}}],"collection":[{"href":"https:\/\/dym.pt\/fr\/wp-json\/wp\/v2\/pages"}],"about":[{"href":"https:\/\/dym.pt\/fr\/wp-json\/wp\/v2\/types\/page"}],"author":[{"embeddable":true,"href":"https:\/\/dym.pt\/fr\/wp-json\/wp\/v2\/users\/1"}],"replies":[{"embeddable":true,"href":"https:\/\/dym.pt\/fr\/wp-json\/wp\/v2\/comments?post=487"}],"version-history":[{"count":29,"href":"https:\/\/dym.pt\/fr\/wp-json\/wp\/v2\/pages\/487\/revisions"}],"predecessor-version":[{"id":4859,"href":"https:\/\/dym.pt\/fr\/wp-json\/wp\/v2\/pages\/487\/revisions\/4859"}],"wp:attachment":[{"href":"https:\/\/dym.pt\/fr\/wp-json\/wp\/v2\/media?parent=487"}],"curies":[{"name":"wp","href":"https:\/\/api.w.org\/{rel}","templated":true}]}}